{"id":12,"date":"2017-05-11T06:17:17","date_gmt":"2017-05-11T06:17:17","guid":{"rendered":"http:\/\/teknohanke.fi\/?page_id=12"},"modified":"2019-03-04T12:10:49","modified_gmt":"2019-03-04T12:10:49","slug":"front-page","status":"publish","type":"page","link":"https:\/\/teknohanke.fi\/","title":{"rendered":"Etusivu"},"content":{"rendered":"<div id=\"pl-12\"  class=\"panel-layout\" ><div id=\"pg-12-0\"  class=\"panel-grid panel-has-style\" ><div class=\"siteorigin-panels-stretch perth-stretch panel-row-style panel-row-style-for-12-0\" style=\"background-color: #f4f4f4;padding: 100px 0; \" data-stretch-type=\"full\" ><div id=\"pgc-12-0-0\"  class=\"panel-grid-cell\" ><div id=\"panel-12-0-0-0\" class=\"so-panel widget widget_text panel-first-child panel-last-child\" data-index=\"0\" >\t\t\t<div class=\"textwidget\">Teknologioiden hallinta on merkitt\u00e4v\u00e4 menestystekij\u00e4 sosiaali- ja terveydenhuollon rakennemuutoksessa. TEKNO-hankkeessa kehitet\u00e4\u00e4n koulutusta ja verkostoja, joilla edistet\u00e4\u00e4n sote-alan terveys- ja hyvinvointiteknologiaosaamista niin ty\u00f6ntekij\u00f6iden kuin heid\u00e4n asiakkaidensa hyv\u00e4ksi. Hankkeella halutaan tavoitteellisesti tukea sosiaali- ja terveysalan ty\u00f6ntekij\u00f6iden sek\u00e4 yksitt\u00e4isen kansalaisen \u201cSmart Citizen\u201d hyvinvointi- ja terveysteknologiaosaamista<\/div>\n\t\t<\/div><\/div><\/div><\/div><div id=\"pg-12-1\"  class=\"panel-grid panel-has-style\" ><div style=\"padding: 100px 0; \" class=\"panel-row-style panel-row-style-for-12-1\" ><div id=\"pgc-12-1-0\"  class=\"panel-grid-cell\" >\r\n\t\t<div class=\"svg-container row-svg row-sep-b\" style=\"fill:#ffffff\">\r\n\t\t\t<svg xmlns=\"http:\/\/www.w3.org\/2000\/svg\" version=\"1.1\" viewBox=\"0 0 100 100\" preserveAspectRatio=\"none\">\r\n\t\t\t\t<g transform=\"translate(0,-952.36218)\"><path d=\"m 0,1052.3622 100,0 0,-2 L 0,952.36218 z\" \/><\/g>\r\n  \t\t\t<\/svg>\r\n\t\t<\/div>\r\n\r\n\t<\/div><\/div><\/div><div id=\"pg-12-2\"  class=\"panel-grid panel-has-style\" ><div class=\"siteorigin-panels-stretch perth-stretch panel-row-style panel-row-style-for-12-2\" style=\"border-bottom: 1px solid #dd8d13;padding: 100px 0; \" data-stretch-type=\"full\" ><div id=\"pgc-12-2-0\"  class=\"panel-grid-cell\" ><div id=\"panel-12-2-0-0\" class=\"so-panel widget widget_perth_employees perth_employees_widget panel-first-child panel-last-child\" data-index=\"2\" >\r\n\t\t<h3 class=\"widget-title\">Hankkeen toteuttajat<\/h3>\r\n\t\t<div class=\"employee-area clearfix\">\r\n\t\t\t\t\t\t\t\t\t\t<div class=\"employee\">\r\n\t\t\t\t\t\t\t\t<div class=\"employee-photo\">\r\n\t\t\t\t\t<img loading=\"lazy\" decoding=\"async\" width=\"300\" height=\"300\" src=\"https:\/\/teknohanke.fi\/wp-content\/uploads\/2017\/05\/laurea_1.jpg\" class=\"attachment-perth-medium-thumb size-perth-medium-thumb wp-post-image\" alt=\"\" srcset=\"https:\/\/teknohanke.fi\/wp-content\/uploads\/2017\/05\/laurea_1.jpg 300w, https:\/\/teknohanke.fi\/wp-content\/uploads\/2017\/05\/laurea_1-150x150.jpg 150w, https:\/\/teknohanke.fi\/wp-content\/uploads\/2017\/05\/laurea_1-100x100.jpg 100w, https:\/\/teknohanke.fi\/wp-content\/uploads\/2017\/05\/laurea_1-275x275.jpg 275w\" sizes=\"auto, (max-width: 300px) 100vw, 300px\" \/>\t\t\t\t<\/div>\r\n\t\t\t\t\t\t\t\t<h4 class=\"employee-name\">\r\n\t\t\t        \t\t\t        \t<a href=\"http:\/\/www.laurea.fi\">Laurea-ammattikorkeakoulu<\/a>\r\n\t\t\t        \t\t\t\t\t\r\n\t\t\t\t<\/h4>\r\n\t\t\t\t<div class=\"employee-position\"><\/div>\t\t\t\t\t\t\t\t\r\n\t\t\t\t<div class=\"employee-social\">\r\n\t\t\t\t\t\t\t\t\t\t\t\t\t\t\t\t\t\t\t<\/div>\r\n\t\t\t<\/div>\r\n\r\n\t\t\t\t\t\t\t\t\t\t<div class=\"employee\">\r\n\t\t\t\t\t\t\t\t<div class=\"employee-photo\">\r\n\t\t\t\t\t<img loading=\"lazy\" decoding=\"async\" width=\"300\" height=\"300\" src=\"https:\/\/teknohanke.fi\/wp-content\/uploads\/2017\/05\/posintra.jpg\" class=\"attachment-perth-medium-thumb size-perth-medium-thumb wp-post-image\" alt=\"\" srcset=\"https:\/\/teknohanke.fi\/wp-content\/uploads\/2017\/05\/posintra.jpg 300w, https:\/\/teknohanke.fi\/wp-content\/uploads\/2017\/05\/posintra-150x150.jpg 150w, https:\/\/teknohanke.fi\/wp-content\/uploads\/2017\/05\/posintra-100x100.jpg 100w, https:\/\/teknohanke.fi\/wp-content\/uploads\/2017\/05\/posintra-275x275.jpg 275w\" sizes=\"auto, (max-width: 300px) 100vw, 300px\" \/>\t\t\t\t<\/div>\r\n\t\t\t\t\t\t\t\t<h4 class=\"employee-name\">\r\n\t\t\t        \t\t\t        \t<a href=\"http:\/\/www.posintra.fi\/\">Posintra<\/a>\r\n\t\t\t        \t\t\t\t\t\r\n\t\t\t\t<\/h4>\r\n\t\t\t\t<div class=\"employee-position\"><\/div>\t\t\t\t\t\t\t\t\r\n\t\t\t\t<div class=\"employee-social\">\r\n\t\t\t\t\t\t\t\t\t\t\t\t\t\t\t\t\t\t\t<\/div>\r\n\t\t\t<\/div>\r\n\r\n\t\t\t\t\t\t\t\t\t\t<div class=\"employee\">\r\n\t\t\t\t\t\t\t\t<div class=\"employee-photo\">\r\n\t\t\t\t\t<img loading=\"lazy\" decoding=\"async\" width=\"300\" height=\"300\" src=\"https:\/\/teknohanke.fi\/wp-content\/uploads\/2017\/05\/upgraded.jpg\" class=\"attachment-perth-medium-thumb size-perth-medium-thumb wp-post-image\" alt=\"\" srcset=\"https:\/\/teknohanke.fi\/wp-content\/uploads\/2017\/05\/upgraded.jpg 300w, https:\/\/teknohanke.fi\/wp-content\/uploads\/2017\/05\/upgraded-150x150.jpg 150w, https:\/\/teknohanke.fi\/wp-content\/uploads\/2017\/05\/upgraded-100x100.jpg 100w, https:\/\/teknohanke.fi\/wp-content\/uploads\/2017\/05\/upgraded-275x275.jpg 275w\" sizes=\"auto, (max-width: 300px) 100vw, 300px\" \/>\t\t\t\t<\/div>\r\n\t\t\t\t\t\t\t\t<h4 class=\"employee-name\">\r\n\t\t\t        \t\t\t        \t<a href=\"http:\/\/www.upgraded.fi\/\">Upgraded<\/a>\r\n\t\t\t        \t\t\t\t\t\r\n\t\t\t\t<\/h4>\r\n\t\t\t\t<div class=\"employee-position\"><\/div>\t\t\t\t\t\t\t\t\r\n\t\t\t\t<div class=\"employee-social\">\r\n\t\t\t\t\t\t\t\t\t\t\t\t\t\t\t\t\t\t\t<\/div>\r\n\t\t\t<\/div>\r\n\r\n\t\t\t\t\t\t\t\t\t\t<div class=\"employee\">\r\n\t\t\t\t\t\t\t\t<div class=\"employee-photo\">\r\n\t\t\t\t\t<img loading=\"lazy\" decoding=\"async\" width=\"300\" height=\"300\" src=\"https:\/\/teknohanke.fi\/wp-content\/uploads\/2017\/05\/vantaan_invalidit_ry.jpg\" class=\"attachment-perth-medium-thumb size-perth-medium-thumb wp-post-image\" alt=\"\" srcset=\"https:\/\/teknohanke.fi\/wp-content\/uploads\/2017\/05\/vantaan_invalidit_ry.jpg 300w, https:\/\/teknohanke.fi\/wp-content\/uploads\/2017\/05\/vantaan_invalidit_ry-150x150.jpg 150w, https:\/\/teknohanke.fi\/wp-content\/uploads\/2017\/05\/vantaan_invalidit_ry-100x100.jpg 100w, https:\/\/teknohanke.fi\/wp-content\/uploads\/2017\/05\/vantaan_invalidit_ry-275x275.jpg 275w\" sizes=\"auto, (max-width: 300px) 100vw, 300px\" \/>\t\t\t\t<\/div>\r\n\t\t\t\t\t\t\t\t<h4 class=\"employee-name\">\r\n\t\t\t        \t\t\t        \t<a href=\"https:\/\/vanin.yhdistysavain.fi\/\">Vantaan Invalidit VANIN ry<\/a>\r\n\t\t\t        \t\t\t\t\t\r\n\t\t\t\t<\/h4>\r\n\t\t\t\t<div class=\"employee-position\"><\/div>\t\t\t\t\t\t\t\t\r\n\t\t\t\t<div class=\"employee-social\">\r\n\t\t\t\t\t\t\t\t\t\t\t\t\t\t\t\t\t\t\t<\/div>\r\n\t\t\t<\/div>\r\n\r\n\t\t\t\t\t\t\t\t\t\t<div class=\"employee\">\r\n\t\t\t\t\t\t\t\t<div class=\"employee-photo\">\r\n\t\t\t\t\t<img loading=\"lazy\" decoding=\"async\" width=\"300\" height=\"300\" src=\"https:\/\/teknohanke.fi\/wp-content\/uploads\/2017\/05\/EU_rakennusrahasto-1.png\" class=\"attachment-perth-medium-thumb size-perth-medium-thumb wp-post-image\" alt=\"\" srcset=\"https:\/\/teknohanke.fi\/wp-content\/uploads\/2017\/05\/EU_rakennusrahasto-1.png 300w, https:\/\/teknohanke.fi\/wp-content\/uploads\/2017\/05\/EU_rakennusrahasto-1-150x150.png 150w, https:\/\/teknohanke.fi\/wp-content\/uploads\/2017\/05\/EU_rakennusrahasto-1-100x100.png 100w, https:\/\/teknohanke.fi\/wp-content\/uploads\/2017\/05\/EU_rakennusrahasto-1-275x275.png 275w\" sizes=\"auto, (max-width: 300px) 100vw, 300px\" \/>\t\t\t\t<\/div>\r\n\t\t\t\t\t\t\t\t<h4 class=\"employee-name\">\r\n\t\t\t        \t\t\t        \t<a href=\"http:\/\/www.rakennerahastot.fi\">EU Sosiaalirahasto<\/a>\r\n\t\t\t        \t\t\t\t\t\r\n\t\t\t\t<\/h4>\r\n\t\t\t\t<div class=\"employee-position\"><\/div>\t\t\t\t\t\t\t\t\r\n\t\t\t\t<div class=\"employee-social\">\r\n\t\t\t\t\t\t\t\t\t\t\t\t\t\t\t\t\t\t\t<\/div>\r\n\t\t\t<\/div>\r\n\r\n\t\t\t\t\t\t\t\t\t\t<div class=\"employee\">\r\n\t\t\t\t\t\t\t\t<div class=\"employee-photo\">\r\n\t\t\t\t\t<img loading=\"lazy\" decoding=\"async\" width=\"300\" height=\"300\" src=\"https:\/\/teknohanke.fi\/wp-content\/uploads\/2017\/05\/vipuvoimaa-eulta-1.png\" class=\"attachment-perth-medium-thumb size-perth-medium-thumb wp-post-image\" alt=\"\" srcset=\"https:\/\/teknohanke.fi\/wp-content\/uploads\/2017\/05\/vipuvoimaa-eulta-1.png 300w, https:\/\/teknohanke.fi\/wp-content\/uploads\/2017\/05\/vipuvoimaa-eulta-1-150x150.png 150w, https:\/\/teknohanke.fi\/wp-content\/uploads\/2017\/05\/vipuvoimaa-eulta-1-100x100.png 100w, https:\/\/teknohanke.fi\/wp-content\/uploads\/2017\/05\/vipuvoimaa-eulta-1-275x275.png 275w\" sizes=\"auto, (max-width: 300px) 100vw, 300px\" \/>\t\t\t\t<\/div>\r\n\t\t\t\t\t\t\t\t<h4 class=\"employee-name\">\r\n\t\t\t        \t\t\t        \t<a href=\"http:\/\/www.rakennerahastot.fi\">Kest\u00e4v\u00e4\u00e4 kasvua ja ty\u00f6t\u00e4 2014-2020<\/a>\r\n\t\t\t        \t\t\t\t\t\r\n\t\t\t\t<\/h4>\r\n\t\t\t\t<div class=\"employee-position\"><\/div>\t\t\t\t\t\t\t\t\r\n\t\t\t\t<div class=\"employee-social\">\r\n\t\t\t\t\t\t\t\t\t\t\t\t\t\t\t\t\t\t\t<\/div>\r\n\t\t\t<\/div>\r\n\r\n\t\t\t\t\t<\/div>\r\n\r\n\t\t\t\r\n\t\r\n\t<\/div><\/div><\/div><\/div><div id=\"pg-12-3\"  class=\"panel-grid panel-has-style\" ><div style=\"padding: 100px 0; \" class=\"panel-row-style panel-row-style-for-12-3\" ><div id=\"pgc-12-3-0\"  class=\"panel-grid-cell\" ><div id=\"panel-12-3-0-0\" class=\"so-panel widget widget_fp_social panel-first-child panel-last-child\" data-index=\"3\" ><div class=\"panel-widget-style panel-widget-style-for-12-3-0-0\" >\t\t\t\t\t\t<div class=\"menu-sosiaalinen-media-container\"><ul id=\"menu-sosiaalinen-media\" class=\"menu social-menu-widget clearfix\"><li id=\"menu-item-197\" class=\"menu-item menu-item-type-custom menu-item-object-custom menu-item-197\"><a href=\"https:\/\/www.facebook.com\/teknohanke\/\"><span class=\"screen-reader-text\">Facebook<\/span><\/a><\/li>\n<li id=\"menu-item-198\" class=\"menu-item menu-item-type-custom menu-item-object-custom menu-item-198\"><a href=\"https:\/\/www.instagram.com\/teknohanke\/\"><span class=\"screen-reader-text\">Instagram<\/span><\/a><\/li>\n<li id=\"menu-item-196\" class=\"menu-item menu-item-type-custom menu-item-object-custom menu-item-196\"><a href=\"http:\/\/twitter.com\"><span class=\"screen-reader-text\">Twitter<\/span><\/a><\/li>\n<\/ul><\/div>\t\r\n\t\t<\/div><\/div><\/div><\/div><\/div><div id=\"pg-12-4\"  class=\"panel-grid panel-has-style\" ><div style=\"background-color: #ffffff;padding: 100px 0; \" class=\"panel-row-style panel-row-style-for-12-4\" ><div id=\"pgc-12-4-0\"  class=\"panel-grid-cell\" ><div id=\"panel-12-4-0-0\" class=\"so-panel widget widget_text panel-first-child panel-last-child\" data-index=\"4\" ><div class=\"panel-widget-style panel-widget-style-for-12-4-0-0\" >\t\t\t<div class=\"textwidget\">\t\t<div id=\"sbi_mod_error\" >\n\t\t\t<span>This error message is only visible to WordPress admins<\/span><br\/>\n\t\t\t<p><strong>Error: No feed found.<\/strong>\n\t\t\t<p>Please go to the Instagram Feed settings page to create a feed.<\/p>\n\t\t<\/div>\n\t\t<\/div>\n\t\t<\/div><\/div><\/div><\/div><\/div><div id=\"pg-12-5\"  class=\"panel-grid panel-has-style\" ><div style=\"background-color: #ffffff;padding: 100px 0; \" class=\"panel-row-style panel-row-style-for-12-5\" ><div id=\"pgc-12-5-0\"  class=\"panel-grid-cell\" ><div id=\"panel-12-5-0-0\" class=\"so-panel widget widget_text panel-first-child panel-last-child\" data-index=\"5\" ><div class=\"panel-widget-style panel-widget-style-for-12-5-0-0\" ><h3 class=\"widget-title\">Uutiskirjeet ja tiedotteet<\/h3>\t\t\t<div class=\"textwidget\"><div class=\"row text-center\">\n<div class=\"col-md-6\">\n<h3>Uutiskirjeet<\/h3>\n<p><a href=\"http:\/\/teknohanke.fi\/wp-content\/uploads\/2019\/03\/TEKNO-uutiskirje012019.pdf\" target=\"_blank\" rel=\"noopener\">TEKNO-uutiskirje 1\/2019 <\/a><\/p>\n<p><a href=\"http:\/\/teknohanke.fi\/wp-content\/uploads\/2019\/01\/tekno-uutiskirje-42018.pdf\" target=\"_blank\" rel=\"noopener\">TEKNO-uutiskirje 4\/2018 <\/a><\/p>\n<p><a href=\"http:\/\/teknohanke.fi\/wp-content\/uploads\/2019\/01\/tekno-uutiskirje-32018.pdf\" target=\"_blank\" rel=\"noopener\">TEKNO-uutiskirje 3\/2018 <\/a><\/p>\n<p><a href=\"http:\/\/teknohanke.fi\/wp-content\/uploads\/2018\/05\/tekno-uutiskirje-22018.pdf\" target=\"_blank\" rel=\"noopener\">TEKNO-uutiskirje 2\/2018 <\/a><\/p>\n<p><a href=\"http:\/\/teknohanke.fi\/wp-content\/uploads\/2018\/03\/tekno-uutiskirje-12018.pdf\" target=\"_blank\" rel=\"noopener\">TEKNO-uutiskirje 1\/2018 <\/a><\/p>\n<p><a href=\"http:\/\/laurea-2.mail-eur.net\/a\/s\/2585086-0bb82f78b0100bcf1b0650148585761a\/83631\" target=\"_blank\" rel=\"noopener\">TEKNO-uutiskirje 2017 <\/a><\/p>\n<\/div>\n<div class=\"col-md-6\">\n<h3>Tiedotteet<\/h3>\n<p><a href=\"http:\/\/virtuaalialusta.teknohanke.fi\/uutiset\/\u201dsit\u00e4-koki-olevansa-niin-kuin-yksi-muiden-joukossa\u201d-\u2013-opiskelijaprojekti-yhdess\u00e4-invalidien\" target=\"_blank\" rel=\"noopener\">Opiskelijaprojekti yhdess\u00e4 invalidien kanssa teki vaikuttavaa hankety\u00f6t\u00e4 monella tapaa<\/a><\/p>\n<p><a href=\"http:\/\/virtuaalialusta.teknohanke.fi\/uutiset\/tekno-hanke-mukana-parasta-aikaa-koulutustapahtumassa-25102018\" target=\"_blank\" rel=\"noopener\">TEKNO-Hanke on mukana Parasta aikaa -koulutustapahtumassa 25.10.2018<\/a><\/p>\n<p><a href=\"http:\/\/virtuaalialusta.teknohanke.fi\/uutiset\/upgraded-yhdist\u00e4\u00e4-terveysalan-startupeja-ja-kotihoidon-palveluntarjoajia-tekno-hankkeessa\" target=\"_blank\" rel=\"noopener\">TEKNO-Hankkeella nyt my\u00f6s keskusteluryhm\u00e4<\/a><\/p>\n<p><a href=\"http:\/\/virtuaalialusta.teknohanke.fi\/uutiset\/tekno-hankkeella-nyt-my\u00f6s-oma-keskusteluryhm\u00e4-tekno-forum\" target=\"_blank\" rel=\"noopener\">Upgraded yhdist\u00e4\u00e4 terveysalan startupeja ja kotihoidon palveluntarjoajia TEKNO-hankkeessa<\/a><\/p>\n<p><a href=\"http:\/\/virtuaalialusta.teknohanke.fi\/uutiset\/tekno-hanke-esitt\u00e4\u00e4-startup-yritysten-tuote-esittelyvideot\" target=\"_blank\" rel=\"noopener\">TEKNO-Hanke esitt\u00e4\u00e4: Startup-yritysten tuote-esittelyvideot<\/a><\/p>\n<\/div>\n<\/div>\n<\/div>\n\t\t<\/div><\/div><\/div><\/div><\/div><\/div>","protected":false},"excerpt":{"rendered":"<p>Teknologioiden hallinta on merkitt\u00e4v\u00e4 menestystekij\u00e4 sosiaali- ja terveydenhuollon rakennemuutoksessa. TEKNO-hankkeessa kehitet\u00e4\u00e4n koulutusta ja verkostoja, joilla edistet\u00e4\u00e4n sote-alan terveys- ja hyvinvointiteknologiaosaamista niin ty\u00f6ntekij\u00f6iden kuin heid\u00e4n asiakkaidensa hyv\u00e4ksi. Hankkeella halutaan tavoitteellisesti tukea sosiaali- ja terveysalan ty\u00f6ntekij\u00f6iden sek\u00e4 yksitt\u00e4isen kansalaisen \u201cSmart Citizen\u201d hyvinvointi- ja terveysteknologiaosaamista<\/p>\n","protected":false},"author":1024,"featured_media":0,"parent":0,"menu_order":0,"comment_status":"closed","ping_status":"closed","template":"page-templates\/page_front-page.php","meta":{"_exactmetrics_skip_tracking":false,"_exactmetrics_sitenote_active":false,"_exactmetrics_sitenote_note":"","_exactmetrics_sitenote_category":0,"footnotes":""},"class_list":["post-12","page","type-page","status-publish","hentry"],"_links":{"self":[{"href":"https:\/\/teknohanke.fi\/index.php\/wp-json\/wp\/v2\/pages\/12","targetHints":{"allow":["GET"]}}],"collection":[{"href":"https:\/\/teknohanke.fi\/index.php\/wp-json\/wp\/v2\/pages"}],"about":[{"href":"https:\/\/teknohanke.fi\/index.php\/wp-json\/wp\/v2\/types\/page"}],"author":[{"embeddable":true,"href":"https:\/\/teknohanke.fi\/index.php\/wp-json\/wp\/v2\/users\/1024"}],"replies":[{"embeddable":true,"href":"https:\/\/teknohanke.fi\/index.php\/wp-json\/wp\/v2\/comments?post=12"}],"version-history":[{"count":142,"href":"https:\/\/teknohanke.fi\/index.php\/wp-json\/wp\/v2\/pages\/12\/revisions"}],"predecessor-version":[{"id":532,"href":"https:\/\/teknohanke.fi\/index.php\/wp-json\/wp\/v2\/pages\/12\/revisions\/532"}],"wp:attachment":[{"href":"https:\/\/teknohanke.fi\/index.php\/wp-json\/wp\/v2\/media?parent=12"}],"curies":[{"name":"wp","href":"https:\/\/api.w.org\/{rel}","templated":true}]}}