{"id":160,"date":"2017-05-15T11:05:19","date_gmt":"2017-05-15T11:05:19","guid":{"rendered":"http:\/\/teknohanke.fi\/?page_id=160"},"modified":"2018-07-03T07:56:33","modified_gmt":"2018-07-03T07:56:33","slug":"yhteystiedot","status":"publish","type":"page","link":"https:\/\/teknohanke.fi\/index.php\/yhteystiedot\/","title":{"rendered":"yhteystiedot"},"content":{"rendered":"<p><img loading=\"lazy\" decoding=\"async\" class=\"alignnone size-full wp-image-179\" src=\"http:\/\/teknohanke.fi\/wp-content\/uploads\/2017\/05\/yhteys.png\" alt=\"\" width=\"1920\" height=\"1031\" srcset=\"https:\/\/teknohanke.fi\/wp-content\/uploads\/2017\/05\/yhteys.png 1920w, https:\/\/teknohanke.fi\/wp-content\/uploads\/2017\/05\/yhteys-300x161.png 300w, https:\/\/teknohanke.fi\/wp-content\/uploads\/2017\/05\/yhteys-768x412.png 768w, https:\/\/teknohanke.fi\/wp-content\/uploads\/2017\/05\/yhteys-1024x550.png 1024w, https:\/\/teknohanke.fi\/wp-content\/uploads\/2017\/05\/yhteys-410x220.png 410w, https:\/\/teknohanke.fi\/wp-content\/uploads\/2017\/05\/yhteys-100x54.png 100w, https:\/\/teknohanke.fi\/wp-content\/uploads\/2017\/05\/yhteys-275x148.png 275w\" sizes=\"auto, (max-width: 1920px) 100vw, 1920px\" \/><\/p>\n<p>Kiinnostuitko TEKNO \u2013 Terveys- ja hyvinvointiteknologiaosaaminen sujuvaksi \u2013hankkeestamme? Ole rohkeasti yhteydess\u00e4, jos\u2026<br \/>\n&#8211; Sinulla on yritys, tai ty\u00f6skentelet yrityksess\u00e4, jonka tuotteet tai palvelut sopisivat hankkeen aiheisiin<br \/>\n&#8211; Olet SOTE-alan ammattilainen, joka kaipaa terveys- ja hyvinvointiteknologia-aiheen maksutonta koulutusta<br \/>\n&#8211; Olet esimerkiksi omaishoitaja tai muuten vain aiheesta kiinnostunut aktiivinen kansalainen<br \/>\n&#8211; \u2026tai mik\u00e4 ikin\u00e4 saisikaan Sinut innostumaan TEKNO-hankkeestamme! Olemme aina kuulolla!<\/p>\n<p>L\u00e4het\u00e4 viesti\u00e4 tai j\u00e4t\u00e4 yhteystietosi niin olemme Sinuun yhteydess\u00e4.<br \/>\nKiva, ett\u00e4 olet kiinnostunut TEKNO-hankkeesta. Tehd\u00e4\u00e4n yhdess\u00e4 tavoitteet toteutuviksi!<\/p>\n<p>Projektip\u00e4\u00e4llikk\u00f6 Tiina Lepp\u00e4niemi<br \/>\ntiina.leppaniemi[at]laurea.fi<br \/>\npuh. 040 648 2115<\/p>\n<p>Ota yhteytt\u00e4<\/p>\n\n<div class=\"wpcf7 no-js\" id=\"wpcf7-f186-o1\" lang=\"en-US\" dir=\"ltr\" data-wpcf7-id=\"186\">\n<div class=\"screen-reader-response\"><p role=\"status\" aria-live=\"polite\" aria-atomic=\"true\"><\/p> <ul><\/ul><\/div>\n<form action=\"\/index.php\/wp-json\/wp\/v2\/pages\/160#wpcf7-f186-o1\" method=\"post\" class=\"wpcf7-form init\" aria-label=\"Contact form\" novalidate=\"novalidate\" data-status=\"init\">\n<fieldset class=\"hidden-fields-container\"><input type=\"hidden\" name=\"_wpcf7\" value=\"186\" \/><input type=\"hidden\" name=\"_wpcf7_version\" value=\"6.1.5\" \/><input type=\"hidden\" name=\"_wpcf7_locale\" value=\"en_US\" \/><input type=\"hidden\" name=\"_wpcf7_unit_tag\" value=\"wpcf7-f186-o1\" \/><input type=\"hidden\" name=\"_wpcf7_container_post\" value=\"0\" \/><input type=\"hidden\" name=\"_wpcf7_posted_data_hash\" value=\"\" \/>\n<\/fieldset>\n<p><label> Nimi (pakollinen)<br \/>\n<span class=\"wpcf7-form-control-wrap\" data-name=\"Nimi\"><input size=\"40\" maxlength=\"400\" class=\"wpcf7-form-control wpcf7-text wpcf7-validates-as-required\" aria-required=\"true\" aria-invalid=\"false\" value=\"\" type=\"text\" name=\"Nimi\" \/><\/span> <\/label>\n<\/p>\n<p><label> Email osoite (pakollinen)<br \/>\n<span class=\"wpcf7-form-control-wrap\" data-name=\"email-osoite\"><input size=\"40\" maxlength=\"400\" class=\"wpcf7-form-control wpcf7-email wpcf7-validates-as-required wpcf7-text wpcf7-validates-as-email\" aria-required=\"true\" aria-invalid=\"false\" value=\"\" type=\"email\" name=\"email-osoite\" \/><\/span> <\/label>\n<\/p>\n<p><label> Aihe<br \/>\n<span class=\"wpcf7-form-control-wrap\" data-name=\"Aihe\"><input size=\"40\" maxlength=\"400\" class=\"wpcf7-form-control wpcf7-text\" aria-invalid=\"false\" value=\"\" type=\"text\" name=\"Aihe\" \/><\/span> <\/label>\n<\/p>\n<p><label> Viesti<br \/>\n<span class=\"wpcf7-form-control-wrap\" data-name=\"viesti\"><textarea cols=\"40\" rows=\"10\" maxlength=\"2000\" class=\"wpcf7-form-control wpcf7-textarea\" aria-invalid=\"false\" name=\"viesti\"><\/textarea><\/span> <\/label>\n<\/p>\n<p><input class=\"wpcf7-form-control wpcf7-submit has-spinner\" type=\"submit\" value=\"L\u00e4het\u00e4\" \/>\n<\/p><div class=\"wpcf7-response-output\" aria-hidden=\"true\"><\/div>\n<\/form>\n<\/div>\n\n","protected":false},"excerpt":{"rendered":"<p>Kiinnostuitko TEKNO \u2013 Terveys- ja hyvinvointiteknologiaosaaminen sujuvaksi \u2013hankkeestamme? Ole rohkeasti yhteydess\u00e4, jos\u2026 &#8211; Sinulla on yritys, tai ty\u00f6skentelet yrityksess\u00e4, jonka tuotteet tai palvelut sopisivat hankkeen aiheisiin &#8211; Olet SOTE-alan ammattilainen, joka kaipaa terveys- ja hyvinvointiteknologia-aiheen maksutonta koulutusta &#8211; Olet esimerkiksi omaishoitaja tai muuten vain aiheesta kiinnostunut aktiivinen kansalainen &#8211; \u2026tai mik\u00e4 ikin\u00e4 saisikaan Sinut innostumaan [&hellip;]<\/p>\n","protected":false},"author":1024,"featured_media":0,"parent":0,"menu_order":0,"comment_status":"closed","ping_status":"closed","template":"","meta":{"_exactmetrics_skip_tracking":false,"_exactmetrics_sitenote_active":false,"_exactmetrics_sitenote_note":"","_exactmetrics_sitenote_category":0,"footnotes":""},"class_list":["post-160","page","type-page","status-publish","hentry"],"_links":{"self":[{"href":"https:\/\/teknohanke.fi\/index.php\/wp-json\/wp\/v2\/pages\/160","targetHints":{"allow":["GET"]}}],"collection":[{"href":"https:\/\/teknohanke.fi\/index.php\/wp-json\/wp\/v2\/pages"}],"about":[{"href":"https:\/\/teknohanke.fi\/index.php\/wp-json\/wp\/v2\/types\/page"}],"author":[{"embeddable":true,"href":"https:\/\/teknohanke.fi\/index.php\/wp-json\/wp\/v2\/users\/1024"}],"replies":[{"embeddable":true,"href":"https:\/\/teknohanke.fi\/index.php\/wp-json\/wp\/v2\/comments?post=160"}],"version-history":[{"count":7,"href":"https:\/\/teknohanke.fi\/index.php\/wp-json\/wp\/v2\/pages\/160\/revisions"}],"predecessor-version":[{"id":347,"href":"https:\/\/teknohanke.fi\/index.php\/wp-json\/wp\/v2\/pages\/160\/revisions\/347"}],"wp:attachment":[{"href":"https:\/\/teknohanke.fi\/index.php\/wp-json\/wp\/v2\/media?parent=160"}],"curies":[{"name":"wp","href":"https:\/\/api.w.org\/{rel}","templated":true}]}}