{"id":311,"date":"2018-02-19T18:36:26","date_gmt":"2018-02-19T18:36:26","guid":{"rendered":"http:\/\/teknohanke.fi\/?page_id=311"},"modified":"2018-05-12T04:49:52","modified_gmt":"2018-05-12T04:49:52","slug":"kotihoito-2-0","status":"publish","type":"page","link":"https:\/\/teknohanke.fi\/index.php\/kotihoito-2-0\/","title":{"rendered":"Kotihoito 2.0"},"content":{"rendered":"<p><img loading=\"lazy\" decoding=\"async\" class=\"alignleft wp-image-325 size-full\" src=\"http:\/\/teknohanke.fi\/wp-content\/uploads\/2018\/02\/Mummo_teknologia.jpg\" alt=\"\" width=\"500\" height=\"757\" srcset=\"https:\/\/teknohanke.fi\/wp-content\/uploads\/2018\/02\/Mummo_teknologia.jpg 500w, https:\/\/teknohanke.fi\/wp-content\/uploads\/2018\/02\/Mummo_teknologia-198x300.jpg 198w, https:\/\/teknohanke.fi\/wp-content\/uploads\/2018\/02\/Mummo_teknologia-410x621.jpg 410w, https:\/\/teknohanke.fi\/wp-content\/uploads\/2018\/02\/Mummo_teknologia-100x151.jpg 100w, https:\/\/teknohanke.fi\/wp-content\/uploads\/2018\/02\/Mummo_teknologia-275x416.jpg 275w\" sizes=\"auto, (max-width: 500px) 100vw, 500px\" \/><\/p>\n<p>Ker\u00e4\u00e4mme juuri Sinun ajatuksiasi ja n\u00e4kemyksi\u00e4si ik\u00e4ihmisen, vammaisen, tai muun henkil\u00f6n kotona selviytymisen haasteista. Kokoamme eri tavoin hanketilaisuuksissamme anonyymeja kuvauksia arkip\u00e4iv\u00e4n tilanteista, jotka tulisi ratkaista. Se voi olla mit\u00e4 tahansa turvattomuuden tunteesta ruoan valmistukseen tai kuulovaikeuksiin televisiota katsellessa. Olipa murhe pieni tai suuri, haluamme kuulla juuri Sinua. J\u00e4t\u00e4 meille viestisi. Koostamme ne ja jaamme uusien tuotteiden innovoijille, kotihoidon henkil\u00f6st\u00f6lle, p\u00e4\u00e4tt\u00e4jille, sosiaali- ja terveysalan tuleville ammattilaisille\u2026<\/p>\n<p>Levitet\u00e4\u00e4n yhdess\u00e4 tietoa siit\u00e4, mik\u00e4 kotona selviytymisess\u00e4 oikeasti on haasteellista.<\/p>\n<p>&nbsp;<\/p>\n\n<div class=\"wpcf7 no-js\" id=\"wpcf7-f310-o1\" lang=\"en-US\" dir=\"ltr\" data-wpcf7-id=\"310\">\n<div class=\"screen-reader-response\"><p role=\"status\" aria-live=\"polite\" aria-atomic=\"true\"><\/p> <ul><\/ul><\/div>\n<form action=\"\/index.php\/wp-json\/wp\/v2\/pages\/311#wpcf7-f310-o1\" method=\"post\" class=\"wpcf7-form init\" aria-label=\"Contact form\" novalidate=\"novalidate\" data-status=\"init\">\n<fieldset class=\"hidden-fields-container\"><input type=\"hidden\" name=\"_wpcf7\" value=\"310\" \/><input type=\"hidden\" name=\"_wpcf7_version\" value=\"6.1.5\" \/><input type=\"hidden\" name=\"_wpcf7_locale\" value=\"en_US\" \/><input type=\"hidden\" name=\"_wpcf7_unit_tag\" value=\"wpcf7-f310-o1\" \/><input type=\"hidden\" name=\"_wpcf7_container_post\" value=\"0\" \/><input type=\"hidden\" name=\"_wpcf7_posted_data_hash\" value=\"\" \/>\n<\/fieldset>\n<p>Oletko: (pakollinen)<br \/>\n<span class=\"wpcf7-form-control-wrap\" data-name=\"oletko-kategoria\"><span class=\"wpcf7-form-control wpcf7-checkbox wpcf7-validates-as-required\"><span class=\"wpcf7-list-item first\"><input type=\"checkbox\" name=\"oletko-kategoria[]\" value=\"l\u00e4heinen\" \/><span class=\"wpcf7-list-item-label\">l\u00e4heinen<\/span><\/span><span class=\"wpcf7-list-item\"><input type=\"checkbox\" name=\"oletko-kategoria[]\" value=\"omaishoitaja\" \/><span class=\"wpcf7-list-item-label\">omaishoitaja<\/span><\/span><span class=\"wpcf7-list-item\"><input type=\"checkbox\" name=\"oletko-kategoria[]\" value=\"hoitoty\u00f6n ammattilainen\" \/><span class=\"wpcf7-list-item-label\">hoitoty\u00f6n ammattilainen<\/span><\/span><span class=\"wpcf7-list-item\"><input type=\"checkbox\" name=\"oletko-kategoria[]\" value=\"yritt\u00e4j\u00e4\" \/><span class=\"wpcf7-list-item-label\">yritt\u00e4j\u00e4<\/span><\/span><span class=\"wpcf7-list-item\"><input type=\"checkbox\" name=\"oletko-kategoria[]\" value=\"asiakas\/potilas\" \/><span class=\"wpcf7-list-item-label\">asiakas\/potilas<\/span><\/span><span class=\"wpcf7-list-item last\"><input type=\"checkbox\" name=\"oletko-kategoria[]\" value=\"muu\" \/><span class=\"wpcf7-list-item-label\">muu<\/span><\/span><\/span><\/span>\n<\/p>\n<p>Mitk\u00e4 ovat kotona selviytymisen haasteita? Kerro omin sanoin (pakollinen)<br \/>\n<span class=\"wpcf7-form-control-wrap\" data-name=\"selvitymisen-haasteet\"><textarea cols=\"40\" rows=\"10\" maxlength=\"2000\" class=\"wpcf7-form-control wpcf7-textarea wpcf7-validates-as-required\" aria-required=\"true\" aria-invalid=\"false\" name=\"selvitymisen-haasteet\"><\/textarea><\/span>\n<\/p>\n<p><input class=\"wpcf7-form-control wpcf7-submit has-spinner\" type=\"submit\" value=\"L\u00e4het\u00e4\" \/>\n<\/p><div class=\"wpcf7-response-output\" aria-hidden=\"true\"><\/div>\n<\/form>\n<\/div>\n\n","protected":false},"excerpt":{"rendered":"<p>Ker\u00e4\u00e4mme juuri Sinun ajatuksiasi ja n\u00e4kemyksi\u00e4si ik\u00e4ihmisen, vammaisen, tai muun henkil\u00f6n kotona selviytymisen haasteista. Kokoamme eri tavoin hanketilaisuuksissamme anonyymeja kuvauksia arkip\u00e4iv\u00e4n tilanteista, jotka tulisi ratkaista. Se voi olla mit\u00e4 tahansa turvattomuuden tunteesta ruoan valmistukseen tai kuulovaikeuksiin televisiota katsellessa. Olipa murhe pieni tai suuri, haluamme kuulla juuri Sinua. J\u00e4t\u00e4 meille viestisi. Koostamme ne ja jaamme uusien [&hellip;]<\/p>\n","protected":false},"author":1024,"featured_media":0,"parent":0,"menu_order":0,"comment_status":"closed","ping_status":"closed","template":"page-templates\/page_fullwidth.php","meta":{"_exactmetrics_skip_tracking":false,"_exactmetrics_sitenote_active":false,"_exactmetrics_sitenote_note":"","_exactmetrics_sitenote_category":0,"footnotes":""},"class_list":["post-311","page","type-page","status-publish","hentry"],"_links":{"self":[{"href":"https:\/\/teknohanke.fi\/index.php\/wp-json\/wp\/v2\/pages\/311","targetHints":{"allow":["GET"]}}],"collection":[{"href":"https:\/\/teknohanke.fi\/index.php\/wp-json\/wp\/v2\/pages"}],"about":[{"href":"https:\/\/teknohanke.fi\/index.php\/wp-json\/wp\/v2\/types\/page"}],"author":[{"embeddable":true,"href":"https:\/\/teknohanke.fi\/index.php\/wp-json\/wp\/v2\/users\/1024"}],"replies":[{"embeddable":true,"href":"https:\/\/teknohanke.fi\/index.php\/wp-json\/wp\/v2\/comments?post=311"}],"version-history":[{"count":8,"href":"https:\/\/teknohanke.fi\/index.php\/wp-json\/wp\/v2\/pages\/311\/revisions"}],"predecessor-version":[{"id":328,"href":"https:\/\/teknohanke.fi\/index.php\/wp-json\/wp\/v2\/pages\/311\/revisions\/328"}],"wp:attachment":[{"href":"https:\/\/teknohanke.fi\/index.php\/wp-json\/wp\/v2\/media?parent=311"}],"curies":[{"name":"wp","href":"https:\/\/api.w.org\/{rel}","templated":true}]}}