{"id":384,"date":"2018-07-03T07:23:38","date_gmt":"2018-07-03T07:23:38","guid":{"rendered":"http:\/\/teknohanke.fi\/?page_id=384"},"modified":"2019-01-08T14:33:26","modified_gmt":"2019-01-08T14:33:26","slug":"tavoitteet","status":"publish","type":"page","link":"https:\/\/teknohanke.fi\/index.php\/tavoitteet\/","title":{"rendered":"Tavoitteet"},"content":{"rendered":"<div class=\"row\">\n<div class=\"col-md-5\"><img loading=\"lazy\" decoding=\"async\" class=\"alignnone size-medium wp-image-404\" src=\"http:\/\/teknohanke.fi\/wp-content\/uploads\/2018\/07\/about-300x126.jpg\" alt=\"\" width=\"300\" height=\"126\" srcset=\"https:\/\/teknohanke.fi\/wp-content\/uploads\/2018\/07\/about-300x126.jpg 300w, https:\/\/teknohanke.fi\/wp-content\/uploads\/2018\/07\/about-768x323.jpg 768w, https:\/\/teknohanke.fi\/wp-content\/uploads\/2018\/07\/about-1024x430.jpg 1024w, https:\/\/teknohanke.fi\/wp-content\/uploads\/2018\/07\/about-410x172.jpg 410w, https:\/\/teknohanke.fi\/wp-content\/uploads\/2018\/07\/about-100x42.jpg 100w, https:\/\/teknohanke.fi\/wp-content\/uploads\/2018\/07\/about-275x116.jpg 275w, https:\/\/teknohanke.fi\/wp-content\/uploads\/2018\/07\/about.jpg 1642w\" sizes=\"auto, (max-width: 300px) 100vw, 300px\" \/><\/div>\n<div class=\"col-md-7\">\n<h3 style=\"margin-top: 0;\">Koulutus<\/h3>\n<p>Hankkeen yksi p\u00e4\u00e4teht\u00e4vist\u00e4 on kehitt\u00e4\u00e4 koulutusta ja verkostoja, joilla edistet\u00e4\u00e4n sote-alan terveys- ja hyvinvointiteknologiaosaamista niin ty\u00f6ntekij\u00f6iden kuin heid\u00e4n asiakkaidensa hyv\u00e4ksi.<\/p>\n<p><strong><a href=\"http:\/\/teknohanke.fi\/index.php\/koulutus\/\">Lue Lis\u00e4\u00e4<\/a><\/strong><\/p>\n<\/div>\n<\/div>\n<hr \/>\n<div class=\"row\">\n<div class=\"col-md-5\"><img loading=\"lazy\" decoding=\"async\" class=\"alignnone size-medium wp-image-403\" src=\"http:\/\/teknohanke.fi\/wp-content\/uploads\/2018\/07\/kahvila_vanhanainen_header3-300x161.jpg\" alt=\"\" width=\"300\" height=\"161\" srcset=\"https:\/\/teknohanke.fi\/wp-content\/uploads\/2018\/07\/kahvila_vanhanainen_header3-300x161.jpg 300w, https:\/\/teknohanke.fi\/wp-content\/uploads\/2018\/07\/kahvila_vanhanainen_header3-768x413.jpg 768w, https:\/\/teknohanke.fi\/wp-content\/uploads\/2018\/07\/kahvila_vanhanainen_header3-1024x551.jpg 1024w, https:\/\/teknohanke.fi\/wp-content\/uploads\/2018\/07\/kahvila_vanhanainen_header3-410x221.jpg 410w, https:\/\/teknohanke.fi\/wp-content\/uploads\/2018\/07\/kahvila_vanhanainen_header3-100x54.jpg 100w, https:\/\/teknohanke.fi\/wp-content\/uploads\/2018\/07\/kahvila_vanhanainen_header3-275x148.jpg 275w\" sizes=\"auto, (max-width: 300px) 100vw, 300px\" \/><\/div>\n<div class=\"col-md-7\">\n<h3 style=\"margin-top: 0;\">Kotihoito 2.0<\/h3>\n<p class=\"entry-content\">Ker\u00e4\u00e4mme juuri Sinun ajatuksiasi ja n\u00e4kemyksi\u00e4si ik\u00e4ihmisen, vammaisen, tai muun henkil\u00f6n kotona selviytymisen haasteista.<\/p>\n<p><strong><a href=\"http:\/\/teknohanke.fi\/index.php\/kotihoito-2-0\/\">Lue Lis\u00e4\u00e4<\/a><\/strong><\/p>\n<\/div>\n<\/div>\n<hr \/>\n<div class=\"row\">\n<div class=\"col-md-5\"><img loading=\"lazy\" decoding=\"async\" class=\"alignnone size-medium wp-image-402\" src=\"http:\/\/teknohanke.fi\/wp-content\/uploads\/2018\/07\/Auttaja_seniori-2-300x199.jpg\" alt=\"\" width=\"300\" height=\"199\" srcset=\"https:\/\/teknohanke.fi\/wp-content\/uploads\/2018\/07\/Auttaja_seniori-2-300x199.jpg 300w, https:\/\/teknohanke.fi\/wp-content\/uploads\/2018\/07\/Auttaja_seniori-2-768x510.jpg 768w, https:\/\/teknohanke.fi\/wp-content\/uploads\/2018\/07\/Auttaja_seniori-2-1024x680.jpg 1024w, https:\/\/teknohanke.fi\/wp-content\/uploads\/2018\/07\/Auttaja_seniori-2-410x272.jpg 410w, https:\/\/teknohanke.fi\/wp-content\/uploads\/2018\/07\/Auttaja_seniori-2-100x66.jpg 100w, https:\/\/teknohanke.fi\/wp-content\/uploads\/2018\/07\/Auttaja_seniori-2-275x183.jpg 275w, https:\/\/teknohanke.fi\/wp-content\/uploads\/2018\/07\/Auttaja_seniori-2.jpg 1200w\" sizes=\"auto, (max-width: 300px) 100vw, 300px\" \/><\/div>\n<div class=\"col-md-7\">\n<h3 style=\"margin-top: 0;\">Virtuaalialusta<\/h3>\n<p class=\"entry-content\">TEKNO \u2013 Terveys- ja hyvinvointiteknologiaosaaminen sujuvaksi \u2013hankkeessa rakennetaan virtuaalinen toimintaymp\u00e4rist\u00f6 hyvinvointiteknologian k\u00e4yt\u00f6n opastukseen ja tiedonjakoon.<\/p>\n<p><strong><a href=\"http:\/\/teknohanke.fi\/index.php\/virtuaalialusta\/\">Lue Lis\u00e4\u00e4<\/a><\/strong><\/p>\n<hr \/>\n<\/div>\n<\/div>\n<div class=\"row\">\n<div class=\"col-md-5\"><img loading=\"lazy\" decoding=\"async\" class=\"alignnone wp-image-497 size-medium\" src=\"http:\/\/teknohanke.fi\/wp-content\/uploads\/2018\/07\/tekno-koulutukset-300x197.png\" alt=\"\" width=\"300\" height=\"197\" srcset=\"https:\/\/teknohanke.fi\/wp-content\/uploads\/2018\/07\/tekno-koulutukset-300x197.png 300w, https:\/\/teknohanke.fi\/wp-content\/uploads\/2018\/07\/tekno-koulutukset-768x505.png 768w, https:\/\/teknohanke.fi\/wp-content\/uploads\/2018\/07\/tekno-koulutukset-1024x673.png 1024w, https:\/\/teknohanke.fi\/wp-content\/uploads\/2018\/07\/tekno-koulutukset-410x270.png 410w, https:\/\/teknohanke.fi\/wp-content\/uploads\/2018\/07\/tekno-koulutukset-100x66.png 100w, https:\/\/teknohanke.fi\/wp-content\/uploads\/2018\/07\/tekno-koulutukset-275x181.png 275w, https:\/\/teknohanke.fi\/wp-content\/uploads\/2018\/07\/tekno-koulutukset.png 1200w\" sizes=\"auto, (max-width: 300px) 100vw, 300px\" \/><\/div>\n<div class=\"col-md-7\">\n<h3 style=\"margin-top: 0;\">Seniori365.fi<\/h3>\n<p class=\"entry-content\">Seniorit tarvitsevat monenlaista tietoa ja apua arjen toimintoihin ja kotona selviytymiseen. <a href=\"http:\/\/seniori365.fi\/\" target=\"_blank\">Seniori365.fi<\/a> -palvelusta l\u00f6yd\u00e4t kattavasti erilaisia ik\u00e4\u00e4ntyneiden tarvitsemia tuotteita, palveluja, tietoa, ajankohtaisia asioita, tapahtumia ja aktiviteettej\u00e4 &#8211; kaikki yhdest\u00e4 paikasta. Sivuston ja palvelun kehitt\u00e4minen on osa TEKNO-hanketta.<\/p>\n<p><strong><a href=\"http:\/\/seniori365.fi\/\" target=\"_blank\">Tutustu seniori365.fi sivuun<\/a><\/strong><\/p>\n<\/div>\n<\/div>\n","protected":false},"excerpt":{"rendered":"<p>Koulutus Hankkeen yksi p\u00e4\u00e4teht\u00e4vist\u00e4 on kehitt\u00e4\u00e4 koulutusta ja verkostoja, joilla edistet\u00e4\u00e4n sote-alan terveys- ja hyvinvointiteknologiaosaamista niin ty\u00f6ntekij\u00f6iden kuin heid\u00e4n asiakkaidensa hyv\u00e4ksi. Lue Lis\u00e4\u00e4 Kotihoito 2.0 Ker\u00e4\u00e4mme juuri Sinun ajatuksiasi ja n\u00e4kemyksi\u00e4si ik\u00e4ihmisen, vammaisen, tai muun henkil\u00f6n kotona selviytymisen haasteista. Lue Lis\u00e4\u00e4 Virtuaalialusta TEKNO \u2013 Terveys- ja hyvinvointiteknologiaosaaminen sujuvaksi \u2013hankkeessa rakennetaan virtuaalinen toimintaymp\u00e4rist\u00f6 hyvinvointiteknologian k\u00e4yt\u00f6n opastukseen [&hellip;]<\/p>\n","protected":false},"author":1024,"featured_media":0,"parent":0,"menu_order":0,"comment_status":"closed","ping_status":"closed","template":"","meta":{"_exactmetrics_skip_tracking":false,"_exactmetrics_sitenote_active":false,"_exactmetrics_sitenote_note":"","_exactmetrics_sitenote_category":0,"footnotes":""},"class_list":["post-384","page","type-page","status-publish","hentry"],"_links":{"self":[{"href":"https:\/\/teknohanke.fi\/index.php\/wp-json\/wp\/v2\/pages\/384","targetHints":{"allow":["GET"]}}],"collection":[{"href":"https:\/\/teknohanke.fi\/index.php\/wp-json\/wp\/v2\/pages"}],"about":[{"href":"https:\/\/teknohanke.fi\/index.php\/wp-json\/wp\/v2\/types\/page"}],"author":[{"embeddable":true,"href":"https:\/\/teknohanke.fi\/index.php\/wp-json\/wp\/v2\/users\/1024"}],"replies":[{"embeddable":true,"href":"https:\/\/teknohanke.fi\/index.php\/wp-json\/wp\/v2\/comments?post=384"}],"version-history":[{"count":22,"href":"https:\/\/teknohanke.fi\/index.php\/wp-json\/wp\/v2\/pages\/384\/revisions"}],"predecessor-version":[{"id":514,"href":"https:\/\/teknohanke.fi\/index.php\/wp-json\/wp\/v2\/pages\/384\/revisions\/514"}],"wp:attachment":[{"href":"https:\/\/teknohanke.fi\/index.php\/wp-json\/wp\/v2\/media?parent=384"}],"curies":[{"name":"wp","href":"https:\/\/api.w.org\/{rel}","templated":true}]}}