{"id":44,"date":"2017-05-11T08:15:10","date_gmt":"2017-05-11T08:15:10","guid":{"rendered":"http:\/\/teknohanke.fi\/?page_id=44"},"modified":"2018-07-10T07:01:03","modified_gmt":"2018-07-10T07:01:03","slug":"koulutus","status":"publish","type":"page","link":"https:\/\/teknohanke.fi\/index.php\/koulutus\/","title":{"rendered":"Koulutus"},"content":{"rendered":"<p><img loading=\"lazy\" decoding=\"async\" class=\"alignnone size-full wp-image-181\" src=\"http:\/\/teknohanke.fi\/wp-content\/uploads\/2017\/05\/about.jpg\" alt=\"\" width=\"1642\" height=\"690\" srcset=\"https:\/\/teknohanke.fi\/wp-content\/uploads\/2017\/05\/about.jpg 1642w, https:\/\/teknohanke.fi\/wp-content\/uploads\/2017\/05\/about-300x126.jpg 300w, https:\/\/teknohanke.fi\/wp-content\/uploads\/2017\/05\/about-768x323.jpg 768w, https:\/\/teknohanke.fi\/wp-content\/uploads\/2017\/05\/about-1024x430.jpg 1024w, https:\/\/teknohanke.fi\/wp-content\/uploads\/2017\/05\/about-410x172.jpg 410w, https:\/\/teknohanke.fi\/wp-content\/uploads\/2017\/05\/about-100x42.jpg 100w, https:\/\/teknohanke.fi\/wp-content\/uploads\/2017\/05\/about-275x116.jpg 275w\" sizes=\"auto, (max-width: 1642px) 100vw, 1642px\" \/><\/p>\n<p>TEKNO \u2013 Terveys- ja hyvinvointiteknologiaosaaminen sujuvaksi -hankkeen yksi p\u00e4\u00e4teht\u00e4vist\u00e4 on kehitt\u00e4\u00e4 koulutusta ja verkostoja, joilla edistet\u00e4\u00e4n sote-alan terveys- ja hyvinvointiteknologiaosaamista niin ty\u00f6ntekij\u00f6iden kuin heid\u00e4n asiakkaidensa hyv\u00e4ksi.<\/p>\n<p>Koulutuksen k\u00e4ynyt ammattilainen tai muu toimija saa koulutuksensa j\u00e4lkeen ns. teknologiapassin, jossa kuvaillaan koulutuksen kautta saatu osaaminen. Passeja on eri tasoisia, riippuen siit\u00e4 mik\u00e4 on osaamisen tarve ja k\u00e4ydyn koulutuksen laajuus.<\/p>\n<p>Kaikki TEKNO-hankkeen j\u00e4rjest\u00e4m\u00e4t koulutukset ovat maksuttomia.<\/p>\n<p>Lis\u00e4\u00e4 koulutuksia tulee my\u00f6hemmin sivuillemme ja niist\u00e4 ilmoitetaan my\u00f6s mm. sosiaalisen median kanavissamme (linkit etusivulla). Voit my\u00f6s j\u00e4tt\u00e4\u00e4 yhteystietosi meille alasivullamme Yhteystiedot ja me huolehdimme siit\u00e4, ett\u00e4 pysyt ajan tasalla tulevista koulutuksista.<\/p>\n<p>Tervetuloa mukaan kouluttautumaan ja oppimaan uutta!<\/p>\n<p><strong>Ilmoittaudu mukaan <a href=\"http:\/\/teknohanke.fi\/index.php\/koulutukset\/\">Koulutukset-sivulta<\/a><\/strong>!<\/p>\n","protected":false},"excerpt":{"rendered":"<p>TEKNO \u2013 Terveys- ja hyvinvointiteknologiaosaaminen sujuvaksi -hankkeen yksi p\u00e4\u00e4teht\u00e4vist\u00e4 on kehitt\u00e4\u00e4 koulutusta ja verkostoja, joilla edistet\u00e4\u00e4n sote-alan terveys- ja hyvinvointiteknologiaosaamista niin ty\u00f6ntekij\u00f6iden kuin heid\u00e4n asiakkaidensa hyv\u00e4ksi. Koulutuksen k\u00e4ynyt ammattilainen tai muu toimija saa koulutuksensa j\u00e4lkeen ns. teknologiapassin, jossa kuvaillaan koulutuksen kautta saatu osaaminen. Passeja on eri tasoisia, riippuen siit\u00e4 mik\u00e4 on osaamisen tarve ja k\u00e4ydyn [&hellip;]<\/p>\n","protected":false},"author":1024,"featured_media":0,"parent":0,"menu_order":0,"comment_status":"closed","ping_status":"closed","template":"page-templates\/page_fullwidth.php","meta":{"_exactmetrics_skip_tracking":false,"_exactmetrics_sitenote_active":false,"_exactmetrics_sitenote_note":"","_exactmetrics_sitenote_category":0,"footnotes":""},"class_list":["post-44","page","type-page","status-publish","hentry"],"_links":{"self":[{"href":"https:\/\/teknohanke.fi\/index.php\/wp-json\/wp\/v2\/pages\/44","targetHints":{"allow":["GET"]}}],"collection":[{"href":"https:\/\/teknohanke.fi\/index.php\/wp-json\/wp\/v2\/pages"}],"about":[{"href":"https:\/\/teknohanke.fi\/index.php\/wp-json\/wp\/v2\/types\/page"}],"author":[{"embeddable":true,"href":"https:\/\/teknohanke.fi\/index.php\/wp-json\/wp\/v2\/users\/1024"}],"replies":[{"embeddable":true,"href":"https:\/\/teknohanke.fi\/index.php\/wp-json\/wp\/v2\/comments?post=44"}],"version-history":[{"count":12,"href":"https:\/\/teknohanke.fi\/index.php\/wp-json\/wp\/v2\/pages\/44\/revisions"}],"predecessor-version":[{"id":422,"href":"https:\/\/teknohanke.fi\/index.php\/wp-json\/wp\/v2\/pages\/44\/revisions\/422"}],"wp:attachment":[{"href":"https:\/\/teknohanke.fi\/index.php\/wp-json\/wp\/v2\/media?parent=44"}],"curies":[{"name":"wp","href":"https:\/\/api.w.org\/{rel}","templated":true}]}}