{"id":76,"date":"2017-05-11T10:21:11","date_gmt":"2017-05-11T10:21:11","guid":{"rendered":"http:\/\/teknohanke.fi\/?page_id=76"},"modified":"2019-02-05T08:21:45","modified_gmt":"2019-02-05T08:21:45","slug":"hanke","status":"publish","type":"page","link":"https:\/\/teknohanke.fi\/index.php\/hanke\/","title":{"rendered":"Tekno-Hanke"},"content":{"rendered":"<div class=\"row\">\n<div class=\"col-md-6\"><a href=\"https:\/\/drive.google.com\/open?id=1CRv-w9bMrbfcZcWkV1aEwuuovY3Qc8S3\"><img loading=\"lazy\" decoding=\"async\" class=\"size-full wp-image-522 aligncenter\" src=\"http:\/\/teknohanke.fi\/wp-content\/uploads\/2019\/02\/Terveysteknologia-hyv\u00e4n-arjen-mahdollistajana-1.jpg\" alt=\"\" width=\"400\" height=\"566\" srcset=\"https:\/\/teknohanke.fi\/wp-content\/uploads\/2019\/02\/Terveysteknologia-hyv\u00e4n-arjen-mahdollistajana-1.jpg 400w, https:\/\/teknohanke.fi\/wp-content\/uploads\/2019\/02\/Terveysteknologia-hyv\u00e4n-arjen-mahdollistajana-1-212x300.jpg 212w, https:\/\/teknohanke.fi\/wp-content\/uploads\/2019\/02\/Terveysteknologia-hyv\u00e4n-arjen-mahdollistajana-1-100x142.jpg 100w, https:\/\/teknohanke.fi\/wp-content\/uploads\/2019\/02\/Terveysteknologia-hyv\u00e4n-arjen-mahdollistajana-1-275x389.jpg 275w\" sizes=\"auto, (max-width: 400px) 100vw, 400px\" \/><\/a><\/div>\n<div class=\"col-md-6\">\n<h4>TEKNO-hankkeen loppujulkaisu: Terveysteknologia &#8211; hyv\u00e4n arjen mahdollistajana on nyt saatavilla!<\/h4>\n<p><a href=\"https:\/\/drive.google.com\/open?id=1CRv-w9bMrbfcZcWkV1aEwuuovY3Qc8S3\">Avaa julkaisu t\u00e4st\u00e4<\/a> ja ota k\u00e4ytt\u00f6\u00f6si monipuolinen katsaus terveys- ja hyvinvointiteknologian kent\u00e4lt\u00e4.<\/div>\n<\/div>\n<hr \/>\n<h4>Tietoa TEKNO-hankkeesta<\/h4>\n<p><img loading=\"lazy\" decoding=\"async\" class=\"alignnone size-full wp-image-95\" src=\"http:\/\/teknohanke.fi\/wp-content\/uploads\/2017\/05\/kahvila_vanhanainen_header3.jpg\" alt=\"\" width=\"3543\" height=\"1906\" srcset=\"https:\/\/teknohanke.fi\/wp-content\/uploads\/2017\/05\/kahvila_vanhanainen_header3.jpg 3543w, https:\/\/teknohanke.fi\/wp-content\/uploads\/2017\/05\/kahvila_vanhanainen_header3-300x161.jpg 300w, https:\/\/teknohanke.fi\/wp-content\/uploads\/2017\/05\/kahvila_vanhanainen_header3-768x413.jpg 768w, https:\/\/teknohanke.fi\/wp-content\/uploads\/2017\/05\/kahvila_vanhanainen_header3-1024x551.jpg 1024w, https:\/\/teknohanke.fi\/wp-content\/uploads\/2017\/05\/kahvila_vanhanainen_header3-410x221.jpg 410w, https:\/\/teknohanke.fi\/wp-content\/uploads\/2017\/05\/kahvila_vanhanainen_header3-100x54.jpg 100w, https:\/\/teknohanke.fi\/wp-content\/uploads\/2017\/05\/kahvila_vanhanainen_header3-275x148.jpg 275w\" sizes=\"auto, (max-width: 3543px) 100vw, 3543px\" \/><\/p>\n<p>Sosiaali- ja terveydenhuollon rakennemuutos ja omaehtoisen terveydenhallinnan korostuminen aiheuttavat paineita alalla ty\u00f6skentelevien teknologiaosaamiselle ja alan yritysten palvelutuotannolle. Muutos haastaa sek\u00e4 sosiaali- ja terveydenhuollon ammattilaisia ett\u00e4 asiakkaita hy\u00f6dynt\u00e4m\u00e4\u00e4n teknologisia ratkaisuja yh\u00e4 enemm\u00e4n. T\u00e4m\u00e4n vuoksi alan ammattilaisilla tulee olla riitt\u00e4v\u00e4 tiet\u00e4mys olemassa olevista teknologiaratkaisuista sek\u00e4 ohjausosaamista teknologian k\u00e4yt\u00f6n ohjaamiseksi asiakkaalle. Teknologiaosaaminen on my\u00f6s kilpailuvaltti niin alan ammattilaisille, alalle valmistuville kuin alan yrityksille.<\/p>\n<p>TEKNO-hankkeella tuetaan sosiaali- ja terveysalan ty\u00f6ntekij\u00f6iden, alan opiskelijoiden sek\u00e4 yksitt\u00e4isen kansalaisen hyvinvointi- ja terveysteknologiaosaamista. Lis\u00e4ksi hankkeen avulla luodaan uutta asiakasymm\u00e4rryst\u00e4 ja liiketoimintaosaamista Uudellemaalle. Hankkeessa toteutetaan uudenlaisia koulutusratkaisuja sek\u00e4 palvelu- ja tuotekehityst\u00e4 yli toimialarajojen toteutettavan yhteisty\u00f6n my\u00f6t\u00e4. Koulutuksen suunnittelussa huomioidaan vahvasti koulutusta tarvitsevien osaamistarpeet, eri-ik\u00e4isten tavat oppia ja erilaisten ohjausmenetelmien hy\u00f6dynt\u00e4minen. Teknologiaosaamisesta tulee hankkeen my\u00f6t\u00e4 osa sosiaali- ja terveysalan koulutusta sek\u00e4 alan ammattilaisten ammatti-identiteetti\u00e4.<\/p>\n<p>Hankkeessa suunnitellaan ja pilotoidaan virtuaalinen hyvinvointi- ja terveysteknologia-alusta, joka toimii koulutuksen oppimisymp\u00e4rist\u00f6n\u00e4, edist\u00e4\u00e4 loppuk\u00e4ytt\u00e4jien teknologiaosaamista kotona ja kokoaa yhteen teknologia-alan yritykset tuotteineen. Teknologia-alustalla tuetaan my\u00f6s muun muassa start-up yritt\u00e4jien ja jo pidemp\u00e4\u00e4n alalla toimineiden yritt\u00e4jien verkostoitumista. Hankkeessa toteutettavalla liikkuvalla digi-opastuspisteell\u00e4 tuetaan puolestaan kansalaisten teknologiaosaamista.<\/p>\n<p>TEKNO-hankkeen p\u00e4\u00e4toteuttajana toimii <a href=\"http:\/\/www.laurea.fi\" target=\"_blank\" rel=\"noopener\">Laurea-ammattikorkeakoulu<\/a> ja osatoteuttajina toimivat <a href=\"http:\/\/www.posintra.fi\" target=\"_blank\" rel=\"noopener\">Posintra Oy<\/a>, <a href=\"http:\/\/www.upgraded.fi\" target=\"_blank\" rel=\"noopener\">Upgraded<\/a> sek\u00e4 <a href=\"https:\/\/vanin.yhdistysavain.fi\/\" target=\"_blank\" rel=\"noopener\">Vantaan Invalidit<\/a>. Hankkeen toiminta-aika on 1.3.2017\u201329.2.2019. Hankkeen kokonaisbudjetti on 437 931 \u20ac. Projektin p\u00e4\u00e4rahoittaja on Euroopan sosiaalirahasto ESR.<\/p>\n","protected":false},"excerpt":{"rendered":"<p>TEKNO-hankkeen loppujulkaisu: Terveysteknologia &#8211; hyv\u00e4n arjen mahdollistajana on nyt saatavilla! Avaa julkaisu t\u00e4st\u00e4 ja ota k\u00e4ytt\u00f6\u00f6si monipuolinen katsaus terveys- ja hyvinvointiteknologian kent\u00e4lt\u00e4. Tietoa TEKNO-hankkeesta Sosiaali- ja terveydenhuollon rakennemuutos ja omaehtoisen terveydenhallinnan korostuminen aiheuttavat paineita alalla ty\u00f6skentelevien teknologiaosaamiselle ja alan yritysten palvelutuotannolle. Muutos haastaa sek\u00e4 sosiaali- ja terveydenhuollon ammattilaisia ett\u00e4 asiakkaita hy\u00f6dynt\u00e4m\u00e4\u00e4n teknologisia ratkaisuja yh\u00e4 enemm\u00e4n. [&hellip;]<\/p>\n","protected":false},"author":1024,"featured_media":0,"parent":0,"menu_order":0,"comment_status":"closed","ping_status":"closed","template":"","meta":{"_exactmetrics_skip_tracking":false,"_exactmetrics_sitenote_active":false,"_exactmetrics_sitenote_note":"","_exactmetrics_sitenote_category":0,"footnotes":""},"class_list":["post-76","page","type-page","status-publish","hentry"],"_links":{"self":[{"href":"https:\/\/teknohanke.fi\/index.php\/wp-json\/wp\/v2\/pages\/76","targetHints":{"allow":["GET"]}}],"collection":[{"href":"https:\/\/teknohanke.fi\/index.php\/wp-json\/wp\/v2\/pages"}],"about":[{"href":"https:\/\/teknohanke.fi\/index.php\/wp-json\/wp\/v2\/types\/page"}],"author":[{"embeddable":true,"href":"https:\/\/teknohanke.fi\/index.php\/wp-json\/wp\/v2\/users\/1024"}],"replies":[{"embeddable":true,"href":"https:\/\/teknohanke.fi\/index.php\/wp-json\/wp\/v2\/comments?post=76"}],"version-history":[{"count":24,"href":"https:\/\/teknohanke.fi\/index.php\/wp-json\/wp\/v2\/pages\/76\/revisions"}],"predecessor-version":[{"id":528,"href":"https:\/\/teknohanke.fi\/index.php\/wp-json\/wp\/v2\/pages\/76\/revisions\/528"}],"wp:attachment":[{"href":"https:\/\/teknohanke.fi\/index.php\/wp-json\/wp\/v2\/media?parent=76"}],"curies":[{"name":"wp","href":"https:\/\/api.w.org\/{rel}","templated":true}]}}